{"id":254,"date":"2019-06-21T17:27:24","date_gmt":"2019-06-21T15:27:24","guid":{"rendered":"http:\/\/riseforclimatebelgium.eu\/?page_id=254"},"modified":"2021-03-15T20:00:49","modified_gmt":"2021-03-15T19:00:49","slug":"charte","status":"publish","type":"page","link":"https:\/\/riseforclimatebelgium.eu\/index.php\/charte\/","title":{"rendered":"Charte"},"content":{"rendered":"\t\t<div data-elementor-type=\"wp-post\" data-elementor-id=\"254\" class=\"elementor elementor-254\">\n\t\t\t\t\t\t\t\t\t<section class=\"elementor-section elementor-top-section elementor-element elementor-element-984dcdc elementor-section-boxed elementor-section-height-default elementor-section-height-default\" data-id=\"984dcdc\" data-element_type=\"section\">\n\t\t\t\t\t\t<div class=\"elementor-container elementor-column-gap-default\">\n\t\t\t\t\t<div class=\"elementor-column elementor-col-100 elementor-top-column elementor-element elementor-element-f3e4382\" data-id=\"f3e4382\" data-element_type=\"column\">\n\t\t\t<div class=\"elementor-widget-wrap elementor-element-populated\">\n\t\t\t\t\t\t\t\t<div class=\"elementor-element elementor-element-f419493 elementor-widget elementor-widget-image\" data-id=\"f419493\" data-element_type=\"widget\" data-widget_type=\"image.default\">\n\t\t\t\t<div class=\"elementor-widget-container\">\n\t\t\t\t\t\t\t\t\t\t\t\t\t\t\t<img decoding=\"async\" src=\"http:\/\/riseforclimatebelgium.eu\/wp-content\/uploads\/2019\/06\/BANDE-CHARTE.jpg\" title=\"\" alt=\"\" loading=\"lazy\" \/>\t\t\t\t\t\t\t\t\t\t\t\t\t\t\t<\/div>\n\t\t\t\t<\/div>\n\t\t\t\t\t<\/div>\n\t\t<\/div>\n\t\t\t\t\t\t\t<\/div>\n\t\t<\/section>\n\t\t\t\t<section class=\"elementor-section elementor-top-section elementor-element elementor-element-65e29e1 elementor-section-boxed elementor-section-height-default elementor-section-height-default\" data-id=\"65e29e1\" data-element_type=\"section\">\n\t\t\t\t\t\t<div class=\"elementor-container elementor-column-gap-default\">\n\t\t\t\t\t<div class=\"elementor-column elementor-col-100 elementor-top-column elementor-element elementor-element-7030c52\" data-id=\"7030c52\" data-element_type=\"column\">\n\t\t\t<div class=\"elementor-widget-wrap elementor-element-populated\">\n\t\t\t\t\t\t\t\t<div class=\"elementor-element elementor-element-5659fc8 elementor-widget elementor-widget-text-editor\" data-id=\"5659fc8\" data-element_type=\"widget\" data-widget_type=\"text-editor.default\">\n\t\t\t\t<div class=\"elementor-widget-container\">\n\t\t\t\t\t\t\t<h5>Rise for Climate Belgium est un collectif citoyen engag\u00e9 dans la lutte contre le d\u00e9r\u00e8glement climatique mena\u00e7ant la plan\u00e8te et l\u2019humanit\u00e9, et pour la sauvegarde de la biodiversit\u00e9. Notre collectif est non-partisan, ind\u00e9pendant et pacifique.<\/h5><h5>N\u00e9 en septembre 2018 pour d\u00e9noncer l\u2019inertie des politiques belges et europ\u00e9ennes face \u00e0 l\u2019urgence climatique, le collectif Rise for Climate Belgium a organis\u00e9 marches et rassemblements citoyens afin d\u2019interpeller les gouvernements et d\u2019alerter l\u2019opinion publique.<\/h5><h3>Nos principaux modes d\u2019action\u00a0sont\u00a0:\u00a0<\/h3><ol><li><h5>les mobilisations citoyennes,\u00a0<\/h5><\/li><li><h5>\u00a0l\u2019interpellation des d\u00e9cideurs politiques belges et europ\u00e9ens en mati\u00e8re de climat, d\u2019environnement, de d\u00e9veloppement durable\u2026,\u00a0\u00a0<\/h5><\/li><li><h5>et les actions de sensibilisation aupr\u00e8s du grand public.<\/h5><\/li><\/ol><h5>Les membres de Rise for Climate Belgium, engag\u00e9.e.s dans une d\u00e9marche de revendication sensibilisation constructive, aspirent, par leur mobilisation et par un effort d\u2019exemplarit\u00e9 dans leur vie quotidienne, \u00e0 faire \u00e9voluer les mentalit\u00e9s et \u00e0 r\u00e9inventer ensemble les fondements d\u2019une soci\u00e9t\u00e9 r\u00e9siliente et \u00e9co-responsable .<\/h5><h5><strong><u>Non-partisan<\/u><\/strong>: Nous sommes un collectif citoyen ouvert aux individus de tout horizon souhaitant s\u2019engager \u00e0 nos c\u00f4t\u00e9s dans ce combat, mais nous rejetons fermement toute tentative de r\u00e9cup\u00e9ration politique ou commerciale de notre mouvement.<\/h5><h5><strong><u>Ind\u00e9pendant et auto-g\u00e9r\u00e9<\/u><\/strong>\u00a0: Tout en gardant notre ind\u00e9pendance, nous collaborons avec les autorit\u00e9s locales et r\u00e9gionales, ainsi qu\u2019avec les autres collectifs associations et organisations engag\u00e9s dans la lutte contre le d\u00e9r\u00e8glement climatique et la sauvegarde de la biodiversit\u00e9. La prise de d\u00e9cisions au sein de Rise for Climate Belgium se fait par un comit\u00e9 de membres effectifs du collectif. Les activit\u00e9s de plaidoyer citoyen, de d\u00e9veloppement des campagnes et mobilisations sont g\u00e9r\u00e9es par des groupes de travail.<\/h5><h5><strong><u>Pacifique<\/u><\/strong>\u00a0: Rise for Climate Belgium refuse toute affiliation avec le \u00a0groupes qui pr\u00f4nent ou qui pratiquent la violence comme moyen d\u2019action. Notre choix est de ne pas participer \u00e0 des actions de d\u00e9sob\u00e9issance civile, mais nous tol\u00e9rons et pouvons au cas par cas soutenir celles d\u2019autres mouvements, seulement si pacifiques et sans dommage. Le collectif a pour politique d\u2019organiser ses mobilisations en concertation avec les autorit\u00e9s comp\u00e9tentes.<\/h5><h5><strong><u>But non lucratif<\/u><\/strong>\u00a0: Le collectif est compos\u00e9 de b\u00e9n\u00e9voles. Notre objet est non lucratif et notre comptabilit\u00e9 est g\u00e9r\u00e9e en toute transparence par l&rsquo;Asbl Open Collective Brussels.<\/h5>\t\t\t\t\t\t<\/div>\n\t\t\t\t<\/div>\n\t\t\t\t\t<\/div>\n\t\t<\/div>\n\t\t\t\t\t\t\t<\/div>\n\t\t<\/section>\n\t\t\t\t\t\t\t<\/div>\n\t\t","protected":false},"excerpt":{"rendered":"<p>Rise for Climate Belgium est un collectif citoyen engag\u00e9 dans la lutte contre le d\u00e9r\u00e8glement climatique mena\u00e7ant la plan\u00e8te et l\u2019humanit\u00e9, et pour la sauvegarde de la biodiversit\u00e9. Notre collectif est non-partisan, ind\u00e9pendant et pacifique. N\u00e9 en septembre 2018 pour d\u00e9noncer l\u2019inertie des politiques belges et europ\u00e9ennes face \u00e0 l\u2019urgence climatique, le collectif Rise for [&hellip;]<\/p>\n","protected":false},"author":10,"featured_media":0,"parent":0,"menu_order":0,"comment_status":"closed","ping_status":"closed","template":"","meta":{"footnotes":""},"yoast_head":"<!-- This site is optimized with the Yoast SEO plugin v21.9.1 - https:\/\/yoast.com\/wordpress\/plugins\/seo\/ -->\n<title>Charte - RISE FOR CLIMATE BELGIUM<\/title>\n<meta name=\"robots\" content=\"index, follow, max-snippet:-1, max-image-preview:large, max-video-preview:-1\" \/>\n<link rel=\"canonical\" href=\"https:\/\/riseforclimatebelgium.eu\/index.php\/charte\/\" \/>\n<meta property=\"og:locale\" content=\"fr_FR\" \/>\n<meta property=\"og:type\" content=\"article\" \/>\n<meta property=\"og:title\" content=\"Charte - RISE FOR CLIMATE BELGIUM\" \/>\n<meta property=\"og:description\" content=\"Rise for Climate Belgium est un collectif citoyen engag\u00e9 dans la lutte contre le d\u00e9r\u00e8glement climatique mena\u00e7ant la plan\u00e8te et l\u2019humanit\u00e9, et pour la sauvegarde de la biodiversit\u00e9. Notre collectif est non-partisan, ind\u00e9pendant et pacifique. N\u00e9 en septembre 2018 pour d\u00e9noncer l\u2019inertie des politiques belges et europ\u00e9ennes face \u00e0 l\u2019urgence climatique, le collectif Rise for [&hellip;]\" \/>\n<meta property=\"og:url\" content=\"https:\/\/riseforclimatebelgium.eu\/index.php\/charte\/\" \/>\n<meta property=\"og:site_name\" content=\"RISE FOR CLIMATE BELGIUM\" \/>\n<meta property=\"article:publisher\" content=\"https:\/\/www.facebook.com\/Rise4ClimateBE\/\" \/>\n<meta property=\"article:modified_time\" content=\"2021-03-15T19:00:49+00:00\" \/>\n<meta property=\"og:image\" content=\"https:\/\/riseforclimatebelgium.eu\/wp-content\/uploads\/2019\/06\/BANDE-CHARTE-1024x167.jpg\" \/>\n<meta name=\"twitter:card\" content=\"summary_large_image\" \/>\n<meta name=\"twitter:label1\" content=\"Dur\u00e9e de lecture estim\u00e9e\" \/>\n\t<meta name=\"twitter:data1\" content=\"2 minutes\" \/>\n<script type=\"application\/ld+json\" class=\"yoast-schema-graph\">{\"@context\":\"https:\/\/schema.org\",\"@graph\":[{\"@type\":\"WebPage\",\"@id\":\"https:\/\/riseforclimatebelgium.eu\/index.php\/charte\/\",\"url\":\"https:\/\/riseforclimatebelgium.eu\/index.php\/charte\/\",\"name\":\"Charte - RISE FOR CLIMATE BELGIUM\",\"isPartOf\":{\"@id\":\"https:\/\/riseforclimatebelgium.eu\/#website\"},\"datePublished\":\"2019-06-21T15:27:24+00:00\",\"dateModified\":\"2021-03-15T19:00:49+00:00\",\"breadcrumb\":{\"@id\":\"https:\/\/riseforclimatebelgium.eu\/index.php\/charte\/#breadcrumb\"},\"inLanguage\":\"fr-FR\",\"potentialAction\":[{\"@type\":\"ReadAction\",\"target\":[\"https:\/\/riseforclimatebelgium.eu\/index.php\/charte\/\"]}]},{\"@type\":\"BreadcrumbList\",\"@id\":\"https:\/\/riseforclimatebelgium.eu\/index.php\/charte\/#breadcrumb\",\"itemListElement\":[{\"@type\":\"ListItem\",\"position\":1,\"name\":\"Home\",\"item\":\"https:\/\/riseforclimatebelgium.eu\/\"},{\"@type\":\"ListItem\",\"position\":2,\"name\":\"Charte\"}]},{\"@type\":\"WebSite\",\"@id\":\"https:\/\/riseforclimatebelgium.eu\/#website\",\"url\":\"https:\/\/riseforclimatebelgium.eu\/\",\"name\":\"RISE FOR CLIMATE BELGIUM\",\"description\":\"Together, we make a difference.\",\"publisher\":{\"@id\":\"https:\/\/riseforclimatebelgium.eu\/#organization\"},\"potentialAction\":[{\"@type\":\"SearchAction\",\"target\":{\"@type\":\"EntryPoint\",\"urlTemplate\":\"https:\/\/riseforclimatebelgium.eu\/?s={search_term_string}\"},\"query-input\":\"required name=search_term_string\"}],\"inLanguage\":\"fr-FR\"},{\"@type\":\"Organization\",\"@id\":\"https:\/\/riseforclimatebelgium.eu\/#organization\",\"name\":\"rise for climate\",\"url\":\"https:\/\/riseforclimatebelgium.eu\/\",\"logo\":{\"@type\":\"ImageObject\",\"inLanguage\":\"fr-FR\",\"@id\":\"https:\/\/riseforclimatebelgium.eu\/#\/schema\/logo\/image\/\",\"url\":\"https:\/\/riseforclimatebelgium.eu\/wp-content\/uploads\/2019\/04\/logo.png\",\"contentUrl\":\"https:\/\/riseforclimatebelgium.eu\/wp-content\/uploads\/2019\/04\/logo.png\",\"width\":2162,\"height\":2237,\"caption\":\"rise for climate\"},\"image\":{\"@id\":\"https:\/\/riseforclimatebelgium.eu\/#\/schema\/logo\/image\/\"},\"sameAs\":[\"https:\/\/www.facebook.com\/Rise4ClimateBE\/\",\"https:\/\/www.instagram.com\/rise_for_climate\/\",\"https:\/\/www.youtube.com\/channel\/UCedPWLRwuDIgGDQtsj_c4qg\"]}]}<\/script>\n<!-- \/ Yoast SEO plugin. -->","yoast_head_json":{"title":"Charte - RISE FOR CLIMATE BELGIUM","robots":{"index":"index","follow":"follow","max-snippet":"max-snippet:-1","max-image-preview":"max-image-preview:large","max-video-preview":"max-video-preview:-1"},"canonical":"https:\/\/riseforclimatebelgium.eu\/index.php\/charte\/","og_locale":"fr_FR","og_type":"article","og_title":"Charte - RISE FOR CLIMATE BELGIUM","og_description":"Rise for Climate Belgium est un collectif citoyen engag\u00e9 dans la lutte contre le d\u00e9r\u00e8glement climatique mena\u00e7ant la plan\u00e8te et l\u2019humanit\u00e9, et pour la sauvegarde de la biodiversit\u00e9. Notre collectif est non-partisan, ind\u00e9pendant et pacifique. N\u00e9 en septembre 2018 pour d\u00e9noncer l\u2019inertie des politiques belges et europ\u00e9ennes face \u00e0 l\u2019urgence climatique, le collectif Rise for [&hellip;]","og_url":"https:\/\/riseforclimatebelgium.eu\/index.php\/charte\/","og_site_name":"RISE FOR CLIMATE BELGIUM","article_publisher":"https:\/\/www.facebook.com\/Rise4ClimateBE\/","article_modified_time":"2021-03-15T19:00:49+00:00","og_image":[{"url":"https:\/\/riseforclimatebelgium.eu\/wp-content\/uploads\/2019\/06\/BANDE-CHARTE-1024x167.jpg"}],"twitter_card":"summary_large_image","twitter_misc":{"Dur\u00e9e de lecture estim\u00e9e":"2 minutes"},"schema":{"@context":"https:\/\/schema.org","@graph":[{"@type":"WebPage","@id":"https:\/\/riseforclimatebelgium.eu\/index.php\/charte\/","url":"https:\/\/riseforclimatebelgium.eu\/index.php\/charte\/","name":"Charte - RISE FOR CLIMATE BELGIUM","isPartOf":{"@id":"https:\/\/riseforclimatebelgium.eu\/#website"},"datePublished":"2019-06-21T15:27:24+00:00","dateModified":"2021-03-15T19:00:49+00:00","breadcrumb":{"@id":"https:\/\/riseforclimatebelgium.eu\/index.php\/charte\/#breadcrumb"},"inLanguage":"fr-FR","potentialAction":[{"@type":"ReadAction","target":["https:\/\/riseforclimatebelgium.eu\/index.php\/charte\/"]}]},{"@type":"BreadcrumbList","@id":"https:\/\/riseforclimatebelgium.eu\/index.php\/charte\/#breadcrumb","itemListElement":[{"@type":"ListItem","position":1,"name":"Home","item":"https:\/\/riseforclimatebelgium.eu\/"},{"@type":"ListItem","position":2,"name":"Charte"}]},{"@type":"WebSite","@id":"https:\/\/riseforclimatebelgium.eu\/#website","url":"https:\/\/riseforclimatebelgium.eu\/","name":"RISE FOR CLIMATE BELGIUM","description":"Together, we make a difference.","publisher":{"@id":"https:\/\/riseforclimatebelgium.eu\/#organization"},"potentialAction":[{"@type":"SearchAction","target":{"@type":"EntryPoint","urlTemplate":"https:\/\/riseforclimatebelgium.eu\/?s={search_term_string}"},"query-input":"required name=search_term_string"}],"inLanguage":"fr-FR"},{"@type":"Organization","@id":"https:\/\/riseforclimatebelgium.eu\/#organization","name":"rise for climate","url":"https:\/\/riseforclimatebelgium.eu\/","logo":{"@type":"ImageObject","inLanguage":"fr-FR","@id":"https:\/\/riseforclimatebelgium.eu\/#\/schema\/logo\/image\/","url":"https:\/\/riseforclimatebelgium.eu\/wp-content\/uploads\/2019\/04\/logo.png","contentUrl":"https:\/\/riseforclimatebelgium.eu\/wp-content\/uploads\/2019\/04\/logo.png","width":2162,"height":2237,"caption":"rise for climate"},"image":{"@id":"https:\/\/riseforclimatebelgium.eu\/#\/schema\/logo\/image\/"},"sameAs":["https:\/\/www.facebook.com\/Rise4ClimateBE\/","https:\/\/www.instagram.com\/rise_for_climate\/","https:\/\/www.youtube.com\/channel\/UCedPWLRwuDIgGDQtsj_c4qg"]}]}},"_links":{"self":[{"href":"https:\/\/riseforclimatebelgium.eu\/index.php\/wp-json\/wp\/v2\/pages\/254"}],"collection":[{"href":"https:\/\/riseforclimatebelgium.eu\/index.php\/wp-json\/wp\/v2\/pages"}],"about":[{"href":"https:\/\/riseforclimatebelgium.eu\/index.php\/wp-json\/wp\/v2\/types\/page"}],"author":[{"embeddable":true,"href":"https:\/\/riseforclimatebelgium.eu\/index.php\/wp-json\/wp\/v2\/users\/10"}],"replies":[{"embeddable":true,"href":"https:\/\/riseforclimatebelgium.eu\/index.php\/wp-json\/wp\/v2\/comments?post=254"}],"version-history":[{"count":10,"href":"https:\/\/riseforclimatebelgium.eu\/index.php\/wp-json\/wp\/v2\/pages\/254\/revisions"}],"predecessor-version":[{"id":1495,"href":"https:\/\/riseforclimatebelgium.eu\/index.php\/wp-json\/wp\/v2\/pages\/254\/revisions\/1495"}],"wp:attachment":[{"href":"https:\/\/riseforclimatebelgium.eu\/index.php\/wp-json\/wp\/v2\/media?parent=254"}],"curies":[{"name":"wp","href":"https:\/\/api.w.org\/{rel}","templated":true}]}}