{"id":3578,"date":"2021-10-20T10:44:14","date_gmt":"2021-10-20T08:44:14","guid":{"rendered":"https:\/\/riseforclimatebelgium.eu\/?page_id=3578"},"modified":"2024-02-03T09:33:10","modified_gmt":"2024-02-03T08:33:10","slug":"soutenez-nous-2","status":"publish","type":"page","link":"https:\/\/riseforclimatebelgium.eu\/index.php\/soutenez-nous-2\/","title":{"rendered":"Soutenez-nous"},"content":{"rendered":"\t\t<div data-elementor-type=\"wp-page\" data-elementor-id=\"3578\" class=\"elementor elementor-3578\">\n\t\t\t\t\t\t\t\t\t<section class=\"elementor-section elementor-top-section elementor-element elementor-element-ff013d4 elementor-section-boxed elementor-section-height-default elementor-section-height-default\" data-id=\"ff013d4\" data-element_type=\"section\" data-settings=\"{&quot;background_background&quot;:&quot;gradient&quot;}\">\n\t\t\t\t\t\t<div class=\"elementor-container elementor-column-gap-default\">\n\t\t\t\t\t<div class=\"elementor-column elementor-col-100 elementor-top-column elementor-element elementor-element-24c3eab\" data-id=\"24c3eab\" data-element_type=\"column\">\n\t\t\t<div class=\"elementor-widget-wrap elementor-element-populated\">\n\t\t\t\t\t\t\t\t<div class=\"elementor-element elementor-element-4a9ec12 elementor-widget elementor-widget-text-editor\" data-id=\"4a9ec12\" data-element_type=\"widget\" data-widget_type=\"text-editor.default\">\n\t\t\t\t<div class=\"elementor-widget-container\">\n\t\t\t\t\t\t\t<p>Aujourd\u2019hui, plus que jamais, agir pour le climat est une n\u00e9cessit\u00e9 !\u00a0<\/p><p>Le collectif de Rise For Climate Belgium est constitu\u00e9 de b\u00e9n\u00e9voles.\u00a0<span style=\"font-size: 16px;\">Nous avons besoin de votre <\/span><b style=\"font-size: 16px;\">soutien <\/b><span style=\"font-size: 16px;\"><b>pour nos actions\u00a0<\/b>et construire un futur habitable!\u00a0<\/span><\/p><p>Rise For Climate veut continuer \u00e0 faire pression sur le monde politique belge et europ\u00e9en pour obtenir des accords pour le climat plus ambitieux et la concr\u00e9tisation du droit \u00e0 l&rsquo;eau potable pour tous.\u00a0<\/p><p><b><i>Comment pouvez-vous nous aider ?\u00a0<\/i><\/b><br \/>En restant inform\u00e9.e.s, en likant notre page facebook, en venant \u00e0 nos actions\u00a0<br \/>En rejoignant notre collectif comme b\u00e9n\u00e9vole<br \/>En faisant un geste financier\u00a0<\/p><p>Contact : info@riseforclimatebelgium.eu<\/p>\t\t\t\t\t\t<\/div>\n\t\t\t\t<\/div>\n\t\t\t\t<div class=\"elementor-element elementor-element-d3b7777 elementor-align-center elementor-widget elementor-widget-button\" data-id=\"d3b7777\" data-element_type=\"widget\" data-widget_type=\"button.default\">\n\t\t\t\t<div class=\"elementor-widget-container\">\n\t\t\t\t\t<div class=\"elementor-button-wrapper\">\n\t\t\t<a class=\"elementor-button elementor-button-link elementor-size-lg\" href=\"https:\/\/opencollective.com\/riseforclimatebelgium\">\n\t\t\t\t\t\t<span class=\"elementor-button-content-wrapper\">\n\t\t\t\t\t\t<span class=\"elementor-button-text\">MERCI POUR VOTRE SOUTIEN<\/span>\n\t\t<\/span>\n\t\t\t\t\t<\/a>\n\t\t<\/div>\n\t\t\t\t<\/div>\n\t\t\t\t<\/div>\n\t\t\t\t\t<\/div>\n\t\t<\/div>\n\t\t\t\t\t\t\t<\/div>\n\t\t<\/section>\n\t\t\t\t\t\t\t<\/div>\n\t\t","protected":false},"excerpt":{"rendered":"<p>Aujourd\u2019hui, plus que jamais, agir pour le climat est une n\u00e9cessit\u00e9 !\u00a0 Le collectif de Rise For Climate Belgium est constitu\u00e9 de b\u00e9n\u00e9voles.\u00a0Nous avons besoin de votre soutien pour nos actions\u00a0et construire un futur habitable!\u00a0 Rise For Climate veut continuer \u00e0 faire pression sur le monde politique belge et europ\u00e9en pour obtenir des accords pour [&hellip;]<\/p>\n","protected":false},"author":10,"featured_media":0,"parent":0,"menu_order":0,"comment_status":"closed","ping_status":"closed","template":"","meta":{"footnotes":""},"yoast_head":"<!-- This site is optimized with the Yoast SEO plugin v21.9.1 - https:\/\/yoast.com\/wordpress\/plugins\/seo\/ -->\n<title>Soutenez-nous - RISE FOR CLIMATE BELGIUM<\/title>\n<meta name=\"robots\" content=\"index, follow, max-snippet:-1, max-image-preview:large, max-video-preview:-1\" \/>\n<link rel=\"canonical\" href=\"https:\/\/riseforclimatebelgium.eu\/index.php\/soutenez-nous-2\/\" \/>\n<meta property=\"og:locale\" content=\"fr_FR\" \/>\n<meta property=\"og:type\" content=\"article\" \/>\n<meta property=\"og:title\" content=\"Soutenez-nous - RISE FOR CLIMATE BELGIUM\" \/>\n<meta property=\"og:description\" content=\"Aujourd\u2019hui, plus que jamais, agir pour le climat est une n\u00e9cessit\u00e9 !\u00a0 Le collectif de Rise For Climate Belgium est constitu\u00e9 de b\u00e9n\u00e9voles.\u00a0Nous avons besoin de votre soutien pour nos actions\u00a0et construire un futur habitable!\u00a0 Rise For Climate veut continuer \u00e0 faire pression sur le monde politique belge et europ\u00e9en pour obtenir des accords pour [&hellip;]\" \/>\n<meta property=\"og:url\" content=\"https:\/\/riseforclimatebelgium.eu\/index.php\/soutenez-nous-2\/\" \/>\n<meta property=\"og:site_name\" content=\"RISE FOR CLIMATE BELGIUM\" \/>\n<meta property=\"article:publisher\" content=\"https:\/\/www.facebook.com\/Rise4ClimateBE\/\" \/>\n<meta property=\"article:modified_time\" content=\"2024-02-03T08:33:10+00:00\" \/>\n<meta name=\"twitter:card\" content=\"summary_large_image\" \/>\n<meta name=\"twitter:label1\" content=\"Dur\u00e9e de lecture estim\u00e9e\" \/>\n\t<meta name=\"twitter:data1\" content=\"1 minute\" \/>\n<script type=\"application\/ld+json\" class=\"yoast-schema-graph\">{\"@context\":\"https:\/\/schema.org\",\"@graph\":[{\"@type\":\"WebPage\",\"@id\":\"https:\/\/riseforclimatebelgium.eu\/index.php\/soutenez-nous-2\/\",\"url\":\"https:\/\/riseforclimatebelgium.eu\/index.php\/soutenez-nous-2\/\",\"name\":\"Soutenez-nous - RISE FOR CLIMATE BELGIUM\",\"isPartOf\":{\"@id\":\"https:\/\/riseforclimatebelgium.eu\/#website\"},\"datePublished\":\"2021-10-20T08:44:14+00:00\",\"dateModified\":\"2024-02-03T08:33:10+00:00\",\"breadcrumb\":{\"@id\":\"https:\/\/riseforclimatebelgium.eu\/index.php\/soutenez-nous-2\/#breadcrumb\"},\"inLanguage\":\"fr-FR\",\"potentialAction\":[{\"@type\":\"ReadAction\",\"target\":[\"https:\/\/riseforclimatebelgium.eu\/index.php\/soutenez-nous-2\/\"]}]},{\"@type\":\"BreadcrumbList\",\"@id\":\"https:\/\/riseforclimatebelgium.eu\/index.php\/soutenez-nous-2\/#breadcrumb\",\"itemListElement\":[{\"@type\":\"ListItem\",\"position\":1,\"name\":\"Home\",\"item\":\"https:\/\/riseforclimatebelgium.eu\/\"},{\"@type\":\"ListItem\",\"position\":2,\"name\":\"Soutenez-nous\"}]},{\"@type\":\"WebSite\",\"@id\":\"https:\/\/riseforclimatebelgium.eu\/#website\",\"url\":\"https:\/\/riseforclimatebelgium.eu\/\",\"name\":\"RISE FOR CLIMATE BELGIUM\",\"description\":\"Together, we make a difference.\",\"publisher\":{\"@id\":\"https:\/\/riseforclimatebelgium.eu\/#organization\"},\"potentialAction\":[{\"@type\":\"SearchAction\",\"target\":{\"@type\":\"EntryPoint\",\"urlTemplate\":\"https:\/\/riseforclimatebelgium.eu\/?s={search_term_string}\"},\"query-input\":\"required name=search_term_string\"}],\"inLanguage\":\"fr-FR\"},{\"@type\":\"Organization\",\"@id\":\"https:\/\/riseforclimatebelgium.eu\/#organization\",\"name\":\"rise for climate\",\"url\":\"https:\/\/riseforclimatebelgium.eu\/\",\"logo\":{\"@type\":\"ImageObject\",\"inLanguage\":\"fr-FR\",\"@id\":\"https:\/\/riseforclimatebelgium.eu\/#\/schema\/logo\/image\/\",\"url\":\"https:\/\/riseforclimatebelgium.eu\/wp-content\/uploads\/2019\/04\/logo.png\",\"contentUrl\":\"https:\/\/riseforclimatebelgium.eu\/wp-content\/uploads\/2019\/04\/logo.png\",\"width\":2162,\"height\":2237,\"caption\":\"rise for climate\"},\"image\":{\"@id\":\"https:\/\/riseforclimatebelgium.eu\/#\/schema\/logo\/image\/\"},\"sameAs\":[\"https:\/\/www.facebook.com\/Rise4ClimateBE\/\",\"https:\/\/www.instagram.com\/rise_for_climate\/\",\"https:\/\/www.youtube.com\/channel\/UCedPWLRwuDIgGDQtsj_c4qg\"]}]}<\/script>\n<!-- \/ Yoast SEO plugin. -->","yoast_head_json":{"title":"Soutenez-nous - RISE FOR CLIMATE BELGIUM","robots":{"index":"index","follow":"follow","max-snippet":"max-snippet:-1","max-image-preview":"max-image-preview:large","max-video-preview":"max-video-preview:-1"},"canonical":"https:\/\/riseforclimatebelgium.eu\/index.php\/soutenez-nous-2\/","og_locale":"fr_FR","og_type":"article","og_title":"Soutenez-nous - RISE FOR CLIMATE BELGIUM","og_description":"Aujourd\u2019hui, plus que jamais, agir pour le climat est une n\u00e9cessit\u00e9 !\u00a0 Le collectif de Rise For Climate Belgium est constitu\u00e9 de b\u00e9n\u00e9voles.\u00a0Nous avons besoin de votre soutien pour nos actions\u00a0et construire un futur habitable!\u00a0 Rise For Climate veut continuer \u00e0 faire pression sur le monde politique belge et europ\u00e9en pour obtenir des accords pour [&hellip;]","og_url":"https:\/\/riseforclimatebelgium.eu\/index.php\/soutenez-nous-2\/","og_site_name":"RISE FOR CLIMATE BELGIUM","article_publisher":"https:\/\/www.facebook.com\/Rise4ClimateBE\/","article_modified_time":"2024-02-03T08:33:10+00:00","twitter_card":"summary_large_image","twitter_misc":{"Dur\u00e9e de lecture estim\u00e9e":"1 minute"},"schema":{"@context":"https:\/\/schema.org","@graph":[{"@type":"WebPage","@id":"https:\/\/riseforclimatebelgium.eu\/index.php\/soutenez-nous-2\/","url":"https:\/\/riseforclimatebelgium.eu\/index.php\/soutenez-nous-2\/","name":"Soutenez-nous - RISE FOR CLIMATE BELGIUM","isPartOf":{"@id":"https:\/\/riseforclimatebelgium.eu\/#website"},"datePublished":"2021-10-20T08:44:14+00:00","dateModified":"2024-02-03T08:33:10+00:00","breadcrumb":{"@id":"https:\/\/riseforclimatebelgium.eu\/index.php\/soutenez-nous-2\/#breadcrumb"},"inLanguage":"fr-FR","potentialAction":[{"@type":"ReadAction","target":["https:\/\/riseforclimatebelgium.eu\/index.php\/soutenez-nous-2\/"]}]},{"@type":"BreadcrumbList","@id":"https:\/\/riseforclimatebelgium.eu\/index.php\/soutenez-nous-2\/#breadcrumb","itemListElement":[{"@type":"ListItem","position":1,"name":"Home","item":"https:\/\/riseforclimatebelgium.eu\/"},{"@type":"ListItem","position":2,"name":"Soutenez-nous"}]},{"@type":"WebSite","@id":"https:\/\/riseforclimatebelgium.eu\/#website","url":"https:\/\/riseforclimatebelgium.eu\/","name":"RISE FOR CLIMATE BELGIUM","description":"Together, we make a difference.","publisher":{"@id":"https:\/\/riseforclimatebelgium.eu\/#organization"},"potentialAction":[{"@type":"SearchAction","target":{"@type":"EntryPoint","urlTemplate":"https:\/\/riseforclimatebelgium.eu\/?s={search_term_string}"},"query-input":"required name=search_term_string"}],"inLanguage":"fr-FR"},{"@type":"Organization","@id":"https:\/\/riseforclimatebelgium.eu\/#organization","name":"rise for climate","url":"https:\/\/riseforclimatebelgium.eu\/","logo":{"@type":"ImageObject","inLanguage":"fr-FR","@id":"https:\/\/riseforclimatebelgium.eu\/#\/schema\/logo\/image\/","url":"https:\/\/riseforclimatebelgium.eu\/wp-content\/uploads\/2019\/04\/logo.png","contentUrl":"https:\/\/riseforclimatebelgium.eu\/wp-content\/uploads\/2019\/04\/logo.png","width":2162,"height":2237,"caption":"rise for climate"},"image":{"@id":"https:\/\/riseforclimatebelgium.eu\/#\/schema\/logo\/image\/"},"sameAs":["https:\/\/www.facebook.com\/Rise4ClimateBE\/","https:\/\/www.instagram.com\/rise_for_climate\/","https:\/\/www.youtube.com\/channel\/UCedPWLRwuDIgGDQtsj_c4qg"]}]}},"_links":{"self":[{"href":"https:\/\/riseforclimatebelgium.eu\/index.php\/wp-json\/wp\/v2\/pages\/3578"}],"collection":[{"href":"https:\/\/riseforclimatebelgium.eu\/index.php\/wp-json\/wp\/v2\/pages"}],"about":[{"href":"https:\/\/riseforclimatebelgium.eu\/index.php\/wp-json\/wp\/v2\/types\/page"}],"author":[{"embeddable":true,"href":"https:\/\/riseforclimatebelgium.eu\/index.php\/wp-json\/wp\/v2\/users\/10"}],"replies":[{"embeddable":true,"href":"https:\/\/riseforclimatebelgium.eu\/index.php\/wp-json\/wp\/v2\/comments?post=3578"}],"version-history":[{"count":76,"href":"https:\/\/riseforclimatebelgium.eu\/index.php\/wp-json\/wp\/v2\/pages\/3578\/revisions"}],"predecessor-version":[{"id":7055,"href":"https:\/\/riseforclimatebelgium.eu\/index.php\/wp-json\/wp\/v2\/pages\/3578\/revisions\/7055"}],"wp:attachment":[{"href":"https:\/\/riseforclimatebelgium.eu\/index.php\/wp-json\/wp\/v2\/media?parent=3578"}],"curies":[{"name":"wp","href":"https:\/\/api.w.org\/{rel}","templated":true}]}}