{"id":6480,"date":"2022-03-18T09:21:10","date_gmt":"2022-03-18T08:21:10","guid":{"rendered":"https:\/\/riseforclimatebelgium.eu\/?page_id=6480"},"modified":"2022-03-18T09:22:16","modified_gmt":"2022-03-18T08:22:16","slug":"carte-blanche","status":"publish","type":"page","link":"https:\/\/riseforclimatebelgium.eu\/index.php\/carte-blanche\/","title":{"rendered":"Carte blanche"},"content":{"rendered":"\t\t<div data-elementor-type=\"wp-page\" data-elementor-id=\"6480\" class=\"elementor elementor-6480\">\n\t\t\t\t\t\t\t\t\t<section class=\"elementor-section elementor-top-section elementor-element elementor-element-e824d35 elementor-section-boxed elementor-section-height-default elementor-section-height-default\" data-id=\"e824d35\" data-element_type=\"section\">\n\t\t\t\t\t\t<div class=\"elementor-container elementor-column-gap-default\">\n\t\t\t\t\t<div class=\"elementor-column elementor-col-100 elementor-top-column elementor-element elementor-element-e69b8ae\" data-id=\"e69b8ae\" data-element_type=\"column\">\n\t\t\t<div class=\"elementor-widget-wrap elementor-element-populated\">\n\t\t\t\t\t\t\t\t<div class=\"elementor-element elementor-element-9ab4055 elementor-widget elementor-widget-text-editor\" data-id=\"9ab4055\" data-element_type=\"widget\" data-widget_type=\"text-editor.default\">\n\t\t\t\t<div class=\"elementor-widget-container\">\n\t\t\t\t\t\t\t<div dir=\"auto\"><span style=\"font-size: large;\">C\u2019est ce 18 mars que le gouvernement belge devrait confirmer son choix de sc\u00e9nario dans le cadre de la sortie du nucl\u00e9aire: soit la fermeture de tous les r\u00e9acteurs nucl\u00e9aires d&rsquo;ici 2025 et leur remplacement par des moyens de production d&rsquo;\u00e9lectricit\u00e9 alternatifs (vraisemblablement de nouvelles centrales au gaz), soit la prolongation temporaire de deux r\u00e9acteurs.\u00a0<br \/><\/span><\/div><div dir=\"auto\"><span style=\"font-size: large;\">\u00a0<\/span><\/div><div dir=\"auto\"><span style=\"font-size: large;\">Pour faire ce choix, le Premier ministre Alexander De Croo a rappel\u00e9 que le gouvernement prendra en compte deux facteurs: la garantie d&rsquo;approvisionnement et le co\u00fbt de l&rsquo;\u00e9lectricit\u00e9. Certes, la guerre en Ukraine et l&rsquo;envol\u00e9e du prix de l&rsquo;\u00e9nergie d\u00e9montrent \u00e0 quel point ces deux crit\u00e8res sont d\u00e9terminants. Toutefois il semble avoir oubli\u00e9 un troisi\u00e8me facteur, pourtant clairement d\u00e9fini dans l&rsquo;<a href=\"https:\/\/www.belgium.be\/sites\/default\/files\/Accord_de_gouvernement_2020.pdf\" target=\"_blank\" rel=\"noopener\" data-saferedirecturl=\"https:\/\/www.google.com\/url?q=https:\/\/www.belgium.be\/sites\/default\/files\/Accord_de_gouvernement_2020.pdf&amp;source=gmail&amp;ust=1647677800936000&amp;usg=AOvVaw3iyd9DIamXSqY3qS-TIOHm\">Accord de gouvernement<\/a>\u00a0qui d\u00e9clare: \u00ab\u00a0La conduite d\u2019une politique climatique ambitieuse va de pair avec la transition vers un syst\u00e8me \u00e9nerg\u00e9tique durable. Il est crucial \u00e0 cet \u00e9gard que la s\u00e9curit\u00e9 d\u2019approvisionnement, la durabilit\u00e9 et le co\u00fbt abordable en soient garantis.\u00a0\u00bb<\/span><\/div><div dir=\"auto\"><span style=\"font-size: large;\">\u00a0<\/span><\/div><div><span style=\"font-size: large;\">En tant que mouvement citoyen qui lutte depuis plus de trois ans pour instaurer cette politique climatique ambitieuse, nous nous opposons formellement \u00e0 l<\/span>a construction subsidi\u00e9e de centrales \u00e9lectriques au gaz, en contravention flagrante du\u00a0crit\u00e8re de durabilit\u00e9.\u00a0\u00a0<\/div><div><span style=\"font-size: large;\">\u00a0<\/span><\/div><div><span style=\"font-size: large;\">Le gaz qui alimente depuis plus d&rsquo;un si\u00e8cle nos chaudi\u00e8res et cuisini\u00e8res est commun\u00e9ment appel\u00e9 \u00ab\u00a0naturel\u00a0\u00bb, un euph\u00e9misme qui \u00e9voque une \u00e9nergie propre et \u00e9cologique. En r\u00e9alit\u00e9, le gaz est un combustible fossile au m\u00eame titre que le charbon et le p\u00e9trole, dont les \u00e9missions de CO2 par unit\u00e9 de chaleur sont certes moindres (un quart de moins que le mazout, la moiti\u00e9 du charbon), mais tout sauf n\u00e9gligeables. Selon les\u00a0<a href=\"https:\/\/www.plan.be\/uploaded\/documents\/202106241310210.FOR_MIDTERM_2126_12448_F.pdf\" target=\"_blank\" rel=\"noopener\" data-saferedirecturl=\"https:\/\/www.google.com\/url?q=https:\/\/www.plan.be\/uploaded\/documents\/202106241310210.FOR_MIDTERM_2126_12448_F.pdf&amp;source=gmail&amp;ust=1647677800936000&amp;usg=AOvVaw1ZAh5F859q65pwUrxEo9Ik\">perspectives<\/a>\u00a0du Bureau f\u00e9d\u00e9ral du Plan, l&rsquo;op\u00e9ration des nouvelles centrales triplerait la contribution du gaz fossile \u00e0 l&rsquo;offre d\u2019\u00e9lectricit\u00e9 en Belgique de 19 % en 2021 \u00e0 56 % en 2026, alors que l&rsquo;\u00e9lectricit\u00e9 \u00e0 partir de sources renouvelables n&rsquo;\u00e9voluerait que de 26 \u00e0 30 %. Dans ce sc\u00e9nario, la Belgique serait le seul pays de l\u2019Union europ\u00e9enne \u00e0 augmenter la part de combustibles fossiles dans son\u00a0\u00e9lectricit\u00e9. Le r\u00e9sultat serait une progression des \u00e9missions totales de gaz \u00e0 effet de serre de 108,6 millions de tonnes d&rsquo;\u00e9quivalent CO2 en 2021 \u00e0 121,2 millions en 2026, soit une augmentation de plus de 11 % alors que la Belgique est cens\u00e9e r\u00e9duire ses \u00e9missions de 47 % d&rsquo;ici 2030, \u00e0 peine quatre ans plus tard !<\/span><\/div><div><span style=\"font-size: large;\">\u00a0<\/span><\/div><div><div><span style=\"font-size: large;\">Comme le\u00a0<a href=\"https:\/\/www.lecho.be\/opinions\/general\/le-recours-au-gaz-entrainera-bien-une-hausse-des-emissions-de-co-en-europe\/10354876.html\" target=\"_blank\" rel=\"noopener\" data-saferedirecturl=\"https:\/\/www.google.com\/url?q=https:\/\/www.lecho.be\/opinions\/general\/le-recours-au-gaz-entrainera-bien-une-hausse-des-emissions-de-co-en-europe\/10354876.html&amp;source=gmail&amp;ust=1647677800936000&amp;usg=AOvVaw3VIfdXvRCzhK2CTe_07Gg5\">d\u00e9clare<\/a>\u00a0l&rsquo;ing\u00e9nieur expert Maxence Cordiez, \u00ab\u00a0faire compenser par d\u2019autres une absence d\u2019effort chez soi \u2013 pire, une augmentation d\u00e9lib\u00e9r\u00e9e de ses \u00e9missions de gaz \u00e0 effet de serre \u2013 n\u2019est pas une approche p\u00e9renne ni responsable face \u00e0 l\u2019urgence climatique.\u00a0\u00bb<br \/><\/span><\/div><div><span style=\"font-size: large;\">\u00a0<\/span><\/div><\/div><div><span style=\"font-size: large;\">Pire encore, la composante principale du gaz naturel est le m\u00e9thane (CH4), un puissant gaz \u00e0 effet de serre qui a un effet de r\u00e9chauffement de l&rsquo;atmosph\u00e8re 80 fois sup\u00e9rieur \u00e0 celui du dioxyde de carbone sur une p\u00e9riode de 20 ans. Le GIEC estime que les \u00e9missions de m\u00e9thane d\u00fbes \u00e0 l&rsquo;activit\u00e9 humaine ont contribu\u00e9 \u00e0 un tiers\u00a0du r\u00e9chauffement climatique depuis l&rsquo;\u00e8re industrielle, et selon l&rsquo;Agence internationale de l&rsquo;\u00e9nergie, environ 40 pourcent de ces \u00e9missions sont attribu\u00e9es au secteur de l&rsquo;\u00e9nergie. En 2021, l&rsquo;exploitation du gaz a \u00e9mis 39 millions de tonnes de m\u00e9thane, dont la Russie (qui fournit 40 pourcent du gaz import\u00e9 par l&rsquo;Union europ\u00e9enne) et les Etats-Unis sont chacun responsable de 14 millions de tonnes. Ces \u00e9missions massives de m\u00e9thane proviennent de\u00a0fuites occasionn\u00e9es \u00e0 chaque \u00e9tape de la cha\u00eene d&rsquo;approvisionnement du gaz: l&rsquo;exploration, l&rsquo;extraction, le stockage, la distribution et la consommation. Si elles ne sont pas colmat\u00e9es, l&rsquo;effet des \u00e9missions dites \u00ab\u00a0fugitives\u00a0\u00bb de m\u00e9thane sur le r\u00e9chauffement climatique annuleront en grande partie la r\u00e9duction du CO2 r\u00e9alis\u00e9e par la substitution du charbon par\u00a0le gaz, pourtant vant\u00e9 comme \u00ab\u00a0\u00e9nergie de transition\u00a0\u00bb. Ces fuites si nocives pour le climat ne sont pas r\u00e9glement\u00e9es par l\u2019Union europ\u00e9enne, ni m\u00eame mesur\u00e9es et quantifi\u00e9es avec pr\u00e9cision. Ce n&rsquo;est qu&rsquo;en d\u00e9cembre 2021 que la Commission a publi\u00e9 une proposition de r\u00e8glement\u00a0concernant la r\u00e9duction des \u00e9missions de m\u00e9thane dans le secteur de l\u2019\u00e9nergie, r\u00e8glement qui devra encore \u00eatre n\u00e9goci\u00e9 et approuv\u00e9 par le Parlement et le Conseil europ\u00e9en. En attendant, il\u00a0n&rsquo;y a aucun incitant pour les exploitants du gaz \u00e0 r\u00e9duire leurs rejets de m\u00e9thane, et ce sont finalement les consommateurs qui paient pour ces \u00e9missions qui d\u00e9r\u00e8glent le climat.<\/span><\/div><div><span style=\"font-size: large;\">\u00a0<\/span><\/div><div><span style=\"font-size: large;\">Faut-il rappeler que la Belgique est un des 111 pays signataires de l&rsquo;<a href=\"http:\/\/www.globalmethanepledge.org\/\" target=\"_blank\" rel=\"noopener\" data-saferedirecturl=\"https:\/\/www.google.com\/url?q=http:\/\/www.globalmethanepledge.org\/&amp;source=gmail&amp;ust=1647677800936000&amp;usg=AOvVaw17XIZNss035-fU4iOwP_l3\">Engagement mondial pour le m\u00e9thane<\/a>, visant \u00e0 r\u00e9duire les \u00e9missions de m\u00e9thane d\u2019au moins 30 % d\u2019ici \u00e0 2030 par rapport au niveau de 2020? Un engagement qui appelle \u00e0 \u00ab\u00a0prendre des mesures nationales compl\u00e8tes pour atteindre cet objectif, en se concentrant sur des normes pour atteindre toutes les r\u00e9ductions possibles dans les secteurs de l&rsquo;\u00e9nergie et des d\u00e9chets\u00a0\u00bb.<\/span><\/div><div><span style=\"font-size: large;\">\u00a0<\/span><\/div><div><span style=\"font-size: large;\">Nous sommes fiers que la mobilisation citoyenne de septembre 2018 \u00e0 mai 2019 ait contribu\u00e9 \u00e0 l&rsquo;\u00e9lection de majorit\u00e9s r\u00e9ceptives \u00e0 l&rsquo;urgence climatique, tant au niveau f\u00e9d\u00e9ral que europ\u00e9en, r\u00e9gional et communal. Mais lorsque ces \u00e9lus nous paraissent faire fausse route sur la voie de la transition \u00e9nerg\u00e9tique, notre devoir est de le signaler. Paradoxalement, nous sommes en diapason avec les f\u00e9d\u00e9rations patronales qui dans une\u00a0<a href=\"https:\/\/www.feb.be\/domaines-daction\/energie-mobilite--environnement\/energie\/une-securite-de-lapprovisionnement-energetique-a-prix-abordable-necessite-politique-dinvestissement-et-prolongation-de-deux-reacteurs-nucleaires_2022-02-16\/\" target=\"_blank\" rel=\"noopener\" data-saferedirecturl=\"https:\/\/www.google.com\/url?q=https:\/\/www.feb.be\/domaines-daction\/energie-mobilite--environnement\/energie\/une-securite-de-lapprovisionnement-energetique-a-prix-abordable-necessite-politique-dinvestissement-et-prolongation-de-deux-reacteurs-nucleaires_2022-02-16\/&amp;source=gmail&amp;ust=1647677800936000&amp;usg=AOvVaw3ztQNw7BRx6QtwIJdXiaKd\">d\u00e9claration<\/a>\u00a0commune insistent elles aussi sur l&rsquo;importance de\u00a0r\u00e9duire nos \u00e9missions de gaz \u00e0 effet de serre, et demandent aux autorit\u00e9s de mener une politique \u00e9nerg\u00e9tique qui respecte nos engagements climatiques. Esp\u00e9rons que ce plaidoyer de la part de la soci\u00e9t\u00e9 civile et des entreprises soit entendu par nos dirigeants.\u00a0<\/span><\/div>\t\t\t\t\t\t<\/div>\n\t\t\t\t<\/div>\n\t\t\t\t\t<\/div>\n\t\t<\/div>\n\t\t\t\t\t\t\t<\/div>\n\t\t<\/section>\n\t\t\t\t\t\t\t<\/div>\n\t\t","protected":false},"excerpt":{"rendered":"<p>C\u2019est ce 18 mars que le gouvernement belge devrait confirmer son choix de sc\u00e9nario dans le cadre de la sortie du nucl\u00e9aire: soit la fermeture de tous les r\u00e9acteurs nucl\u00e9aires d&rsquo;ici 2025 et leur remplacement par des moyens de production d&rsquo;\u00e9lectricit\u00e9 alternatifs (vraisemblablement de nouvelles centrales au gaz), soit la prolongation temporaire de deux r\u00e9acteurs.\u00a0\u00a0Pour [&hellip;]<\/p>\n","protected":false},"author":10,"featured_media":0,"parent":0,"menu_order":0,"comment_status":"closed","ping_status":"closed","template":"","meta":{"footnotes":""},"yoast_head":"<!-- This site is optimized with the Yoast SEO plugin v21.9.1 - https:\/\/yoast.com\/wordpress\/plugins\/seo\/ -->\n<title>Carte blanche - RISE FOR CLIMATE BELGIUM<\/title>\n<meta name=\"robots\" content=\"index, follow, max-snippet:-1, max-image-preview:large, max-video-preview:-1\" \/>\n<link rel=\"canonical\" href=\"https:\/\/riseforclimatebelgium.eu\/index.php\/carte-blanche\/\" \/>\n<meta property=\"og:locale\" content=\"fr_FR\" \/>\n<meta property=\"og:type\" content=\"article\" \/>\n<meta property=\"og:title\" content=\"Carte blanche - RISE FOR CLIMATE BELGIUM\" \/>\n<meta property=\"og:description\" content=\"C\u2019est ce 18 mars que le gouvernement belge devrait confirmer son choix de sc\u00e9nario dans le cadre de la sortie du nucl\u00e9aire: soit la fermeture de tous les r\u00e9acteurs nucl\u00e9aires d&rsquo;ici 2025 et leur remplacement par des moyens de production d&rsquo;\u00e9lectricit\u00e9 alternatifs (vraisemblablement de nouvelles centrales au gaz), soit la prolongation temporaire de deux r\u00e9acteurs.\u00a0\u00a0Pour [&hellip;]\" \/>\n<meta property=\"og:url\" content=\"https:\/\/riseforclimatebelgium.eu\/index.php\/carte-blanche\/\" \/>\n<meta property=\"og:site_name\" content=\"RISE FOR CLIMATE BELGIUM\" \/>\n<meta property=\"article:publisher\" content=\"https:\/\/www.facebook.com\/Rise4ClimateBE\/\" \/>\n<meta property=\"article:modified_time\" content=\"2022-03-18T08:22:16+00:00\" \/>\n<meta name=\"twitter:card\" content=\"summary_large_image\" \/>\n<meta name=\"twitter:label1\" content=\"Dur\u00e9e de lecture estim\u00e9e\" \/>\n\t<meta name=\"twitter:data1\" content=\"5 minutes\" \/>\n<script type=\"application\/ld+json\" class=\"yoast-schema-graph\">{\"@context\":\"https:\/\/schema.org\",\"@graph\":[{\"@type\":\"WebPage\",\"@id\":\"https:\/\/riseforclimatebelgium.eu\/index.php\/carte-blanche\/\",\"url\":\"https:\/\/riseforclimatebelgium.eu\/index.php\/carte-blanche\/\",\"name\":\"Carte blanche - RISE FOR CLIMATE BELGIUM\",\"isPartOf\":{\"@id\":\"https:\/\/riseforclimatebelgium.eu\/#website\"},\"datePublished\":\"2022-03-18T08:21:10+00:00\",\"dateModified\":\"2022-03-18T08:22:16+00:00\",\"breadcrumb\":{\"@id\":\"https:\/\/riseforclimatebelgium.eu\/index.php\/carte-blanche\/#breadcrumb\"},\"inLanguage\":\"fr-FR\",\"potentialAction\":[{\"@type\":\"ReadAction\",\"target\":[\"https:\/\/riseforclimatebelgium.eu\/index.php\/carte-blanche\/\"]}]},{\"@type\":\"BreadcrumbList\",\"@id\":\"https:\/\/riseforclimatebelgium.eu\/index.php\/carte-blanche\/#breadcrumb\",\"itemListElement\":[{\"@type\":\"ListItem\",\"position\":1,\"name\":\"Home\",\"item\":\"https:\/\/riseforclimatebelgium.eu\/\"},{\"@type\":\"ListItem\",\"position\":2,\"name\":\"Carte blanche\"}]},{\"@type\":\"WebSite\",\"@id\":\"https:\/\/riseforclimatebelgium.eu\/#website\",\"url\":\"https:\/\/riseforclimatebelgium.eu\/\",\"name\":\"RISE FOR CLIMATE BELGIUM\",\"description\":\"Together, we make a difference.\",\"publisher\":{\"@id\":\"https:\/\/riseforclimatebelgium.eu\/#organization\"},\"potentialAction\":[{\"@type\":\"SearchAction\",\"target\":{\"@type\":\"EntryPoint\",\"urlTemplate\":\"https:\/\/riseforclimatebelgium.eu\/?s={search_term_string}\"},\"query-input\":\"required name=search_term_string\"}],\"inLanguage\":\"fr-FR\"},{\"@type\":\"Organization\",\"@id\":\"https:\/\/riseforclimatebelgium.eu\/#organization\",\"name\":\"rise for climate\",\"url\":\"https:\/\/riseforclimatebelgium.eu\/\",\"logo\":{\"@type\":\"ImageObject\",\"inLanguage\":\"fr-FR\",\"@id\":\"https:\/\/riseforclimatebelgium.eu\/#\/schema\/logo\/image\/\",\"url\":\"https:\/\/riseforclimatebelgium.eu\/wp-content\/uploads\/2019\/04\/logo.png\",\"contentUrl\":\"https:\/\/riseforclimatebelgium.eu\/wp-content\/uploads\/2019\/04\/logo.png\",\"width\":2162,\"height\":2237,\"caption\":\"rise for climate\"},\"image\":{\"@id\":\"https:\/\/riseforclimatebelgium.eu\/#\/schema\/logo\/image\/\"},\"sameAs\":[\"https:\/\/www.facebook.com\/Rise4ClimateBE\/\",\"https:\/\/www.instagram.com\/rise_for_climate\/\",\"https:\/\/www.youtube.com\/channel\/UCedPWLRwuDIgGDQtsj_c4qg\"]}]}<\/script>\n<!-- \/ Yoast SEO plugin. -->","yoast_head_json":{"title":"Carte blanche - RISE FOR CLIMATE BELGIUM","robots":{"index":"index","follow":"follow","max-snippet":"max-snippet:-1","max-image-preview":"max-image-preview:large","max-video-preview":"max-video-preview:-1"},"canonical":"https:\/\/riseforclimatebelgium.eu\/index.php\/carte-blanche\/","og_locale":"fr_FR","og_type":"article","og_title":"Carte blanche - RISE FOR CLIMATE BELGIUM","og_description":"C\u2019est ce 18 mars que le gouvernement belge devrait confirmer son choix de sc\u00e9nario dans le cadre de la sortie du nucl\u00e9aire: soit la fermeture de tous les r\u00e9acteurs nucl\u00e9aires d&rsquo;ici 2025 et leur remplacement par des moyens de production d&rsquo;\u00e9lectricit\u00e9 alternatifs (vraisemblablement de nouvelles centrales au gaz), soit la prolongation temporaire de deux r\u00e9acteurs.\u00a0\u00a0Pour [&hellip;]","og_url":"https:\/\/riseforclimatebelgium.eu\/index.php\/carte-blanche\/","og_site_name":"RISE FOR CLIMATE BELGIUM","article_publisher":"https:\/\/www.facebook.com\/Rise4ClimateBE\/","article_modified_time":"2022-03-18T08:22:16+00:00","twitter_card":"summary_large_image","twitter_misc":{"Dur\u00e9e de lecture estim\u00e9e":"5 minutes"},"schema":{"@context":"https:\/\/schema.org","@graph":[{"@type":"WebPage","@id":"https:\/\/riseforclimatebelgium.eu\/index.php\/carte-blanche\/","url":"https:\/\/riseforclimatebelgium.eu\/index.php\/carte-blanche\/","name":"Carte blanche - RISE FOR CLIMATE BELGIUM","isPartOf":{"@id":"https:\/\/riseforclimatebelgium.eu\/#website"},"datePublished":"2022-03-18T08:21:10+00:00","dateModified":"2022-03-18T08:22:16+00:00","breadcrumb":{"@id":"https:\/\/riseforclimatebelgium.eu\/index.php\/carte-blanche\/#breadcrumb"},"inLanguage":"fr-FR","potentialAction":[{"@type":"ReadAction","target":["https:\/\/riseforclimatebelgium.eu\/index.php\/carte-blanche\/"]}]},{"@type":"BreadcrumbList","@id":"https:\/\/riseforclimatebelgium.eu\/index.php\/carte-blanche\/#breadcrumb","itemListElement":[{"@type":"ListItem","position":1,"name":"Home","item":"https:\/\/riseforclimatebelgium.eu\/"},{"@type":"ListItem","position":2,"name":"Carte blanche"}]},{"@type":"WebSite","@id":"https:\/\/riseforclimatebelgium.eu\/#website","url":"https:\/\/riseforclimatebelgium.eu\/","name":"RISE FOR CLIMATE BELGIUM","description":"Together, we make a difference.","publisher":{"@id":"https:\/\/riseforclimatebelgium.eu\/#organization"},"potentialAction":[{"@type":"SearchAction","target":{"@type":"EntryPoint","urlTemplate":"https:\/\/riseforclimatebelgium.eu\/?s={search_term_string}"},"query-input":"required name=search_term_string"}],"inLanguage":"fr-FR"},{"@type":"Organization","@id":"https:\/\/riseforclimatebelgium.eu\/#organization","name":"rise for climate","url":"https:\/\/riseforclimatebelgium.eu\/","logo":{"@type":"ImageObject","inLanguage":"fr-FR","@id":"https:\/\/riseforclimatebelgium.eu\/#\/schema\/logo\/image\/","url":"https:\/\/riseforclimatebelgium.eu\/wp-content\/uploads\/2019\/04\/logo.png","contentUrl":"https:\/\/riseforclimatebelgium.eu\/wp-content\/uploads\/2019\/04\/logo.png","width":2162,"height":2237,"caption":"rise for climate"},"image":{"@id":"https:\/\/riseforclimatebelgium.eu\/#\/schema\/logo\/image\/"},"sameAs":["https:\/\/www.facebook.com\/Rise4ClimateBE\/","https:\/\/www.instagram.com\/rise_for_climate\/","https:\/\/www.youtube.com\/channel\/UCedPWLRwuDIgGDQtsj_c4qg"]}]}},"_links":{"self":[{"href":"https:\/\/riseforclimatebelgium.eu\/index.php\/wp-json\/wp\/v2\/pages\/6480"}],"collection":[{"href":"https:\/\/riseforclimatebelgium.eu\/index.php\/wp-json\/wp\/v2\/pages"}],"about":[{"href":"https:\/\/riseforclimatebelgium.eu\/index.php\/wp-json\/wp\/v2\/types\/page"}],"author":[{"embeddable":true,"href":"https:\/\/riseforclimatebelgium.eu\/index.php\/wp-json\/wp\/v2\/users\/10"}],"replies":[{"embeddable":true,"href":"https:\/\/riseforclimatebelgium.eu\/index.php\/wp-json\/wp\/v2\/comments?post=6480"}],"version-history":[{"count":3,"href":"https:\/\/riseforclimatebelgium.eu\/index.php\/wp-json\/wp\/v2\/pages\/6480\/revisions"}],"predecessor-version":[{"id":6483,"href":"https:\/\/riseforclimatebelgium.eu\/index.php\/wp-json\/wp\/v2\/pages\/6480\/revisions\/6483"}],"wp:attachment":[{"href":"https:\/\/riseforclimatebelgium.eu\/index.php\/wp-json\/wp\/v2\/media?parent=6480"}],"curies":[{"name":"wp","href":"https:\/\/api.w.org\/{rel}","templated":true}]}}